{"id":837,"date":"2021-03-16T21:03:29","date_gmt":"2021-03-16T21:03:29","guid":{"rendered":"https:\/\/mojovic.com\/?page_id=837"},"modified":"2023-07-09T13:46:17","modified_gmt":"2023-07-09T13:46:17","slug":"videos","status":"publish","type":"page","link":"https:\/\/mojovic.com\/sr\/videos\/","title":{"rendered":"\u0412\u0438\u0434\u0435\u043e"},"content":{"rendered":"<p><iframe loading=\"lazy\" src=\"https:\/\/drive.google.com\/file\/d\/1eG7DR2hTEZUDtv8K5GmzmpSlHZ69Agrn\/preview\" width=\"640\" height=\"480\"><span data-mce-type=\"bookmark\" style=\"display: inline-block; width: 0px; overflow: hidden; line-height: 0;\" class=\"mce_SELRES_start\"><\/span><span data-mce-type=\"bookmark\" style=\"display: inline-block; width: 0px; overflow: hidden; line-height: 0;\" class=\"mce_SELRES_start\"><\/span><span data-mce-type=\"bookmark\" style=\"display: inline-block; width: 0px; overflow: hidden; line-height: 0;\" class=\"mce_SELRES_start\"><\/span><span data-mce-type=\"bookmark\" style=\"display: inline-block; width: 0px; overflow: hidden; line-height: 0;\" class=\"mce_SELRES_start\"><\/span><\/iframe><\/p>\n<p style=\"text-align: justify;\"><strong>\u041f\u0430\u043b\u0435\u0442\u0430 \u043a\u0443\u043b\u0442\u0443\u0440\u043d\u043e\u0433 \u043d\u0430\u0441\u043b\u0435\u0452\u0430 - \u0414\u0440\u0430\u0433\u0430\u043d \u041c\u043e\u0458\u043e\u0432\u0438\u045b<\/strong><\/p>\n<p style=\"text-align: justify;\"><strong>\u0420\u0435\u0430\u043b\u0438\u0437\u0430\u0446\u0438\u0458\u0430:<\/strong> \u041d\u0435\u0431\u043e\u0458\u0448\u0430 \u0413\u0440\u0443\u0458\u0438\u0447\u0438\u045b, \u0410\u043b\u0435\u043a\u0441\u0430\u043d\u0434\u0440\u0430 \u0408\u0435\u043b\u0438\u0441\u0430\u0432\u0430\u0446, \u0410\u043b\u0435\u043a\u0441\u0430\u043d\u0434\u0440\u0430 \u0414\u0430\u043d\u0438\u0447\u0438\u045b, \u0421\u043d\u0435\u0436\u0430\u043d\u0430 \u0418\u0432\u0430\u043d\u043e\u0432\u0438\u045b, \u0414\u0440\u0430\u0433\u043e\u0441\u043b\u0430\u0432 \u0411\u043e\u0458\u043a\u043e\u0432\u0438\u045b, \u0413\u043e\u0440\u0430\u043d \u041c\u0440\u0452\u0435\u043d\u043e\u0432\u0438\u045b, \u0416\u0438\u043a\u0438\u0446\u0430 \u041d\u0438\u043a\u043e\u043b\u0438\u045b, \u0412\u0430\u0441\u043a\u043e \u0412\u0430\u0441\u043e\u0432\u0438\u045b, \u0414\u043e\u0431\u0440\u043e\u0441\u043b\u0430\u0432 \u041f\u0440\u0435\u0434\u0438\u045b, \u041c\u0430\u0440\u043a\u043e \u041c. \u0412\u0443\u0447\u043a\u043e\u0432\u0438\u045b, \u0412\u0430\u043b\u0435\u043d\u0442\u0438\u043d\u0430 \u0414\u0430\u043d\u0438\u043b\u043e\u0432\u0438\u045b, \u0421\u043b\u043e\u0431\u043e\u0434\u0430\u043d \u0411\u0430\u0458\u043a\u0438\u045b, \u0421\u043b\u0430\u0432\u0438\u0446\u0430 \u0421\u0442\u0435\u0444\u0430\u043d\u043e\u0432\u0438\u045b<br \/>\n<strong>\u0410\u0443\u0442\u043e\u0440: <\/strong>\u0421\u043b\u0430\u0432\u0438\u0446\u0430 \u0421\u0442\u0435\u0444\u0430\u043d\u043e\u0432\u0438\u045b<strong><br \/>\n\u041f\u0440\u043e\u0438\u0437\u0432\u043e\u0434\u045a\u0430:<\/strong> \u0420\u0422\u0421 (\u0420\u0430\u0434\u0438\u043e \u0422\u0435\u043b\u0435\u0432\u0438\u0437\u0438\u0458\u0430 \u0421\u0440\u0431\u0438\u0458\u0435)<br \/>\n<strong>\u0414\u0430\u0442\u0443\u043c:<\/strong> \u041c\u0430\u0458 2021.<\/p>\n<hr \/>\n<p><iframe loading=\"lazy\" src=\"https:\/\/drive.google.com\/file\/d\/19vcEEPHLmPaXjU0GKp017A0Hy8Ixqxhs\/preview\" width=\"640\" height=\"480\"><\/iframe><\/p>\n<p><strong>\u0410\u0442\u0435\u0459\u0435 \u041c\u043e\u0458\u043e\u0432\u0438\u045b - \u0438\u0437 \u0430\u0442\u0435\u0459\u0435\u0430 \u0431\u0435\u043e\u0433\u0440\u0430\u0434\u0441\u043a\u0438\u0445 \u0441\u043b\u0438\u043a\u0430\u0440\u0430<\/strong><\/p>\n<p><strong>\u0410\u0443\u0442\u043e\u0440:<\/strong> \u0420\u0430\u0434\u043e\u0432\u0430\u043d \u0422\u0440\u043d\u0430\u0432\u0430\u0446 \u041c\u0438\u045b\u0430<br \/>\n<strong>\u041f\u0440\u043e\u0438\u0437\u0432\u043e\u0434\u045a\u0430:<\/strong> \u0420\u0422\u0411 (\u0420\u0430\u0434\u0438\u043e \u0442\u0435\u043b\u0435\u0432\u0438\u0437\u0438\u0458\u0430 \u0411\u0435\u043e\u0433\u0440\u0430\u0434)<br \/>\n<strong>\u0413\u043e\u0434\u0438\u043d\u0430:<\/strong> 1979.<\/p>\n<hr \/>\n<p><iframe loading=\"lazy\" src=\"https:\/\/drive.google.com\/file\/d\/1lgOHzlrQhP8MgVFcQaE4VlgxJX7AoXBO\/preview\" width=\"640\" height=\"480\"><\/iframe><\/p>\n<p><strong>\u0414\u0440\u0430\u0433\u0430\u043d \u041c\u043e\u0458\u043e\u0432\u0438\u045b \u041f\u041e\u041d\u0415\u0414\u041e\u0411\u0409\u0410 - \u0434\u043e\u0431\u0430 \u0438\u0437\u043c\u0435\u0452\u0443 \u043f\u043e\u043d\u043e\u045b\u043d\u0438\u0446\u0435 \u0438 \u043e\u0441\u0432\u0438\u0442\u0430\u045a\u0430<\/strong><\/p>\n<p><strong>\u041a\u0430\u043c\u0435\u0440\u043c\u0430\u043d:<\/strong> \u041f\u0435\u0433\u0430 \u041f\u043e\u043f\u043e\u0432\u0438\u045b<br \/>\n<strong>\u041c\u0443\u0437\u0438\u043a\u0430:<\/strong> \u0412\u0435\u0440\u0430 \u0410\u0440\u0441\u0435\u043d\u043e\u0432\u0438\u045b<br \/>\n<strong>\u0421\u0446\u0435\u043d\u0430\u0440\u0438\u043e \u0438 \u0440\u0435\u0436\u0438\u0458\u0430:<\/strong> \u041c\u0438\u0440\u043e\u0441\u043b\u0430\u0432 \u0408\u043e\u043a\u0438\u045b<br \/>\n<strong>\u041b\u043e\u043a\u0430\u0446\u0438\u0458\u0430:<\/strong> \u0421\u043d\u0438\u043c\u0430\u043d\u043e \u0443 \u0430\u0442\u0435\u0459\u0435\u0443 \u0414\u0440\u0430\u0433\u0430\u043d\u0430 \u041c\u043e\u0458\u043e\u0432\u0438\u045b\u0430<br \/>\n<strong>\u0414\u0430\u0442\u0443\u043c:<\/strong> \u041c\u0430\u0458 1991.<br \/>\n<strong>\u041a\u043e\u043d\u0446\u0435\u043f\u0442:<\/strong> \u0414\u0435\u0458\u0430\u043d \u0402\u0443\u0440\u043a\u043e\u0432\u0438\u045b \u0438 \u041c\u0438\u0440\u043e\u0441\u043b\u0430\u0432 \u0408\u043e\u043a\u0438\u045b<br \/>\n<strong>\u041f\u0440\u043e\u0438\u0437\u0432\u043e\u0434\u045a\u0430:<\/strong> \"\u041f\u0420\u041e \u0410\u0420\u0421\"<br \/>\n<strong>\u0421\u0430\u0440\u0430\u0434\u045a\u0430:<\/strong> \u0421\u0440\u0435\u0431\u0440\u0435\u043d\u043a\u0430 \u0418\u043b\u0438\u045b<\/p>\n<hr \/>\n<p><iframe loading=\"lazy\" src=\"https:\/\/drive.google.com\/file\/d\/1VRF19kMH_ycWUODtC8tdczYyGym3bVBI\/preview\" width=\"640\" height=\"480\"><\/iframe><\/p>\n<p><strong>\u041f\u0420\u0415\u0414 \u0411\u0415\u041b\u0418\u041d\u041e\u041c \u2013 \u0414\u0440\u0430\u0433\u0430\u043d \u041c\u043e\u0458\u043e\u0432\u0438\u045b<\/strong><\/p>\n<p><strong>\u0423\u0440\u0435\u0434\u043d\u0438\u043a \u0441\u0435\u0440\u0438\u0458\u0435:<\/strong> \u0414\u0430\u043d\u0438\u0458\u0435\u043b\u0430 \u041f\u0443\u0440\u0435\u0448\u0435\u0432\u0438\u045b<br \/>\n<strong>\u0421\u043d\u0438\u043c\u0430\u0442\u0435\u0459 \u0437\u0432\u0443\u043a\u0430:<\/strong> \u0411\u043e\u0458\u0430\u043d \u041a\u043e\u0432\u0430\u0447\u0435\u0432\u0438\u045b<br \/>\n<strong>\u0414\u0438\u0437\u0430\u0458\u043d\u0435\u0440\u0438 \u0437\u0432\u0443\u043a\u0430:<\/strong> \u041c\u0438\u043e\u0434\u0440\u0430\u0433 \u0416. \u0412\u0443\u0447\u043a\u043e\u0432\u0438\u045b \u0438 \u041c\u0430\u0440\u043a\u043e \u041d\u0435\u0434\u0435\u0459\u043a\u043e\u0432\u0438\u045b<br \/>\n<strong>\u041a\u0430\u043c\u0435\u0440\u043c\u0430\u043d:<\/strong> \u0411\u0440\u0430\u0442\u0438\u0441\u043b\u0430\u0432 \u0413\u0440\u0431\u0438\u045b<br \/>\n<strong>\u041c\u043e\u043d\u0442\u0430\u0436\u0435\u0440\u0438:<\/strong> \u0410\u043d\u0430 \u0421\u0430\u0432\u0438\u045b \u0438 \u041f\u0440\u0435\u0434\u0440\u0430\u0433 \u0408\u0435\u0440\u0435\u043c\u0438\u045b<br \/>\n<strong>\u0421\u0446\u0435\u043d\u0430\u0440\u0438\u0441\u0442\u0430 \u0438 \u0440\u0435\u0434\u0438\u0442\u0435\u0459:<\/strong> \u041f\u0435\u0442\u0430\u0440 \u041d\u0435\u0434\u0435\u0459\u043a\u043e\u0432\u0438\u045b<\/p>\n<hr \/>\n<p><iframe loading=\"lazy\" src=\"https:\/\/drive.google.com\/file\/d\/1aGNTD-6lE_q2Thl48BQ1O9k5LahN44TP\/preview\" width=\"640\" height=\"480\"><\/iframe><\/p>\n<p><strong>\u041f\u043e\u043a\u0430\u0437 \u0426\u0435\u043d\u0442\u0440\u0430 \u0421\u0432\u0435\u0442\u0430<br \/>\n\u041f\u0435\u0440\u0444\u043e\u0440\u043c\u0430\u043d\u0441<\/strong>\u00a0\u0421\u0430\u0452\u0435\u045a\u0435 \u043c\u0430\u0441\u043b\u0438\u043d\u0435, \u043f\u0430\u0459\u0435\u045a\u0435 \u0441\u043f\u0438\u0440\u0430\u043b\u0435<br \/>\n<strong>\u041b\u043e\u043a\u0430\u0446\u0438\u0458\u0430:<\/strong> \u0411\u0443\u0434\u0432\u0430: \u201cGRAD TheATre City\u201d<br \/>\n<strong>\u0413\u0443\u0433\u043b \u043b\u043e\u043a\u0430\u0446\u0438\u0458\u0430<\/strong>: <a href=\"https:\/\/www.google.com\/maps\/@42.2774239,18.8380604,3a,75y,313.29h,95.61t\/data=!3m8!1e1!3m6!1sAF1QipPcB6MLpIy2V2yha9NgH5tObGposqAkTliSLeM!2e10!3e11!6shttps:%2F%2Flh5.googleusercontent.com%2Fp%2FAF1QipPcB6MLpIy2V2yha9NgH5tObGposqAkTliSLeM%3Dw203-h100-k-no-pi1.2540581-ya281.27716-ro2.1972125-fo100!7i5376!8i2688\">\u041c\u0430\u0441\u043b\u0438\u043d\u0430 \u0434\u0430\u043d\u0430\u0441<\/a><br \/>\n<strong>\u0414\u0430\u0442\u0443\u043c:<\/strong> 1997.<\/p>\n<hr \/>\n<p><iframe loading=\"lazy\" src=\"https:\/\/drive.google.com\/file\/d\/13Y7XNaZrgxwLjZwZ4hHxOxA0US_ingUm\/preview\" width=\"640\" height=\"480\"><\/iframe><\/p>\n<p><strong>\u0412\u0430\u043f\u043b\u043e\u045b\u0435\u045a\u0430 - \u0438\u043d\u0442\u0435\u0440\u0432\u0458\u0443 \u0441\u0430 \u0414\u0440\u0430\u0433\u0430\u043d\u043e\u043c \u041c\u043e\u0458\u043e\u0432\u0438\u045b\u0435\u043c<br \/>\n\u0420\u0435\u0430\u043b\u0438\u0437\u0430\u0446\u0438\u0458\u0430:<\/strong> \u0420\u0422\u04211 (\u0420\u0430\u0434\u0438\u043e \u0422\u0435\u043b\u0435\u0432\u0438\u0437\u0438\u0458\u0430 \u0421\u0440\u0431\u0438\u0458\u0435) &amp; \u0410\u0440\u0442 \u0422\u0412<br \/>\n<strong>\u041b\u043e\u043a\u0430\u0446\u0438\u0458\u0430:<\/strong> \u0411\u0435\u043e\u0433\u0440\u0430\u0434, <a href=\"https:\/\/www.google.com\/maps\/dir\/44.749767,20.3919392\/44.81729,20.46075\/@44.7836631,20.3940381,13z\/data=!3m1!4b1!4m4!4m3!1m1!4e1!1m0\">\u0413\u0430\u043b\u0435\u0440\u0438\u0458\u0430 \"\u0425\u0430\u043e\u0441\"<\/a><br \/>\n<strong>\u0414\u0430\u0442\u0443\u043c:<\/strong> 2001.<\/p>\n<hr \/>\n<p><iframe loading=\"lazy\" src=\"https:\/\/drive.google.com\/file\/d\/1PCqeY8hhLofMqnzieDv8tA-hUr215ZVG\/preview\" width=\"640\" height=\"480\"><\/iframe><\/p>\n<p><strong>\u0422\u0443\u043c\u0430\u0447\u0435\u045a\u0435 \u0441\u043b\u0438\u043a\u0435 \"<a href=\"https:\/\/mojovic.com\/wp-content\/uploads\/2021\/02\/2000-Intelektualna-ikona-Blogodat-oilcanvas-140x160cm.png\">\u0418\u043d\u0442\u0435\u043b\u0435\u043a\u0442\u0443\u0430\u043b\u043d\u0430 \u0438\u043a\u043e\u043d\u0430 - \u0411\u043b\u0430\u0433\u043e\u0434\u0430\u0442<\/a>\" - \u0438\u043d\u0442\u0435\u0440\u0432\u0458\u0443 \u0441\u0430 \u0412\u043b\u0430\u0434\u0438\u043a\u043e\u043c \u0414\u0430\u043d\u0438\u043b\u043e\u043c<br \/>\n<strong>\u0413\u043e\u0434\u0438\u043d\u0430: <\/strong><\/strong>2000.<\/p>\n<hr \/>\n<p><iframe loading=\"lazy\" src=\"https:\/\/drive.google.com\/file\/d\/1yfpYAYow67-VIjZI3WQarlG5LS4KnuRn\/preview\" width=\"640\" height=\"80\"><\/iframe><\/p>\n<p><strong>\u0418\u043d\u0442\u0435\u0440\u0432\u0458\u0443 \u201c10 \u0443 10\u201d<\/strong><br \/>\n<strong>\u0410\u0443\u0442\u043e\u0440:<\/strong> \u041e\u043b\u0438\u0432\u0435\u0440\u0430 \u0422\u043e\u0434\u043e\u0440\u043e\u0432\u0438\u045b<br \/>\n<strong>\u041b\u043e\u043a\u0430\u0446\u0438\u0458\u0430:<\/strong> \u0421\u0442\u0443\u0434\u0438\u043e \u0411<br \/>\n<strong>\u0413\u043e\u0434\u0438\u043d\u0430:<\/strong> 1991.<\/p>\n<hr \/>\n<p>&nbsp;<\/p>","protected":false},"excerpt":{"rendered":"<p>\ufeff\ufeff Palette of cultural heritage &#8211; Dragan Mojovi\u0107 Realization: Neboj\u0161a Gruji\u010di\u0107, Aleksandra Jelisavac, Aleksandra Dani\u010di\u0107, Sne\u017eana Ivanovi\u0107, Dragoslav Bojkovi\u0107, Goran Mr\u0111enovi\u0107, \u017dikica Nikoli\u0107, Vasko Vasovi\u0107, Dobroslav Predi\u0107, Marko M. Vu\u010dkovi\u0107, Valentina Danilovi\u0107, Slobodan Bajki\u0107, Slavica Stefanovi\u0107 Author: Slavica Stefanovi\u0107 Production: RTS (Radio Television Serbia) Date: May 2021. Mojovi\u0107 Art Studio \u2013 from Belgrade paint art &#8230; <a title=\"\u0412\u0438\u0434\u0435\u043e\" class=\"read-more\" href=\"https:\/\/mojovic.com\/sr\/videos\/\" aria-label=\"Read more about Videos\">Read more<\/a><\/p>","protected":false},"author":1,"featured_media":0,"parent":0,"menu_order":0,"comment_status":"closed","ping_status":"closed","template":"","meta":{"footnotes":""},"class_list":["post-837","page","type-page","status-publish"],"_links":{"self":[{"href":"https:\/\/mojovic.com\/sr\/wp-json\/wp\/v2\/pages\/837","targetHints":{"allow":["GET"]}}],"collection":[{"href":"https:\/\/mojovic.com\/sr\/wp-json\/wp\/v2\/pages"}],"about":[{"href":"https:\/\/mojovic.com\/sr\/wp-json\/wp\/v2\/types\/page"}],"author":[{"embeddable":true,"href":"https:\/\/mojovic.com\/sr\/wp-json\/wp\/v2\/users\/1"}],"replies":[{"embeddable":true,"href":"https:\/\/mojovic.com\/sr\/wp-json\/wp\/v2\/comments?post=837"}],"version-history":[{"count":39,"href":"https:\/\/mojovic.com\/sr\/wp-json\/wp\/v2\/pages\/837\/revisions"}],"predecessor-version":[{"id":923,"href":"https:\/\/mojovic.com\/sr\/wp-json\/wp\/v2\/pages\/837\/revisions\/923"}],"wp:attachment":[{"href":"https:\/\/mojovic.com\/sr\/wp-json\/wp\/v2\/media?parent=837"}],"curies":[{"name":"wp","href":"https:\/\/api.w.org\/{rel}","templated":true}]}}